{"id":30,"date":"2012-09-23T20:33:41","date_gmt":"2012-09-23T20:33:41","guid":{"rendered":"http:\/\/www.ttv-siegelbach.de\/?page_id=30"},"modified":"2020-10-01T08:37:46","modified_gmt":"2020-10-01T08:37:46","slug":"mitglied-werden-in-unserem-verein","status":"publish","type":"page","link":"http:\/\/www.ttv-siegelbach.de\/?page_id=30","title":{"rendered":"Beitrittserkl\u00e4rung"},"content":{"rendered":"<p>Sie k\u00f6nnen auf verschiedene Weise Mitglied des TTV Siegelbach werden.<\/p>\n<p>Ihnen steht die M\u00f6glichkeit einer passiven Mitgliedschaft offen, mit der Sie mit einem kleinen Beitrag im Jahr (12 \u20ac) den TTV unterst\u00fctzen.<\/p>\n<p>Falls Sie selbst spielen m\u00f6chten gibt es die M\u00f6glichkeit aktives Mitglied (72 \u20ac\/Jahr) zu werden. Zudem wird unterschieden zwischen Jugendlichen (48 \u20ac\/Jahr) und Familien (84 \u20ac\/Jahr).<\/p>\n<p>Mitgliedsantrag\u00a0 herunterladen oder mit\u00a0 einem Reader \u00f6ffnen, ausf\u00fcllen, ausdrucken, unterschreiben und zum Training mitbringen.<\/p>\n<p>Leider mussten wir aufgrund von Bestimmungen zur F\u00f6rderung durch den Sportbund die Mitgliedsbeitr\u00e4ge in den letzten Jahren erh\u00f6hen.<\/p>\n<p>Die Trainingszeiten finden Sie unter dem Reiter &#8222;Abteilung Tischtennis&#8220;.<\/p>\n<p><a href=\"http:\/\/www.ttv-siegelbach.de\/wp-content\/uploads\/2020\/10\/Mitgliedsantrag-aktuell-2020.pdf\" target=\"_blank\" rel=\"noopener noreferrer\">Mitgliedsantrag_Teil 1-3<\/a><\/p>\n\n\n<p><\/p>\n","protected":false},"excerpt":{"rendered":"<p>Sie k\u00f6nnen auf verschiedene Weise Mitglied des TTV Siegelbach werden. Ihnen steht die M\u00f6glichkeit einer passiven Mitgliedschaft offen, mit der Sie mit einem kleinen Beitrag im Jahr (12 \u20ac) den TTV unterst\u00fctzen. Falls Sie selbst spielen m\u00f6chten gibt es die &hellip; <a href=\"http:\/\/www.ttv-siegelbach.de\/?page_id=30\">Weiterlesen <span class=\"meta-nav\">&rarr;<\/span><\/a><\/p>\n","protected":false},"author":1,"featured_media":0,"parent":16,"menu_order":4,"comment_status":"closed","ping_status":"closed","template":"","meta":{"ngg_post_thumbnail":0,"footnotes":""},"_links":{"self":[{"href":"http:\/\/www.ttv-siegelbach.de\/index.php?rest_route=\/wp\/v2\/pages\/30"}],"collection":[{"href":"http:\/\/www.ttv-siegelbach.de\/index.php?rest_route=\/wp\/v2\/pages"}],"about":[{"href":"http:\/\/www.ttv-siegelbach.de\/index.php?rest_route=\/wp\/v2\/types\/page"}],"author":[{"embeddable":true,"href":"http:\/\/www.ttv-siegelbach.de\/index.php?rest_route=\/wp\/v2\/users\/1"}],"replies":[{"embeddable":true,"href":"http:\/\/www.ttv-siegelbach.de\/index.php?rest_route=%2Fwp%2Fv2%2Fcomments&post=30"}],"version-history":[{"count":21,"href":"http:\/\/www.ttv-siegelbach.de\/index.php?rest_route=\/wp\/v2\/pages\/30\/revisions"}],"predecessor-version":[{"id":2986,"href":"http:\/\/www.ttv-siegelbach.de\/index.php?rest_route=\/wp\/v2\/pages\/30\/revisions\/2986"}],"up":[{"embeddable":true,"href":"http:\/\/www.ttv-siegelbach.de\/index.php?rest_route=\/wp\/v2\/pages\/16"}],"wp:attachment":[{"href":"http:\/\/www.ttv-siegelbach.de\/index.php?rest_route=%2Fwp%2Fv2%2Fmedia&parent=30"}],"curies":[{"name":"wp","href":"https:\/\/api.w.org\/{rel}","templated":true}]}}