{"id":2749,"date":"2017-10-22T21:08:04","date_gmt":"2017-10-22T21:08:04","guid":{"rendered":"http:\/\/www.ttv-siegelbach.de\/?page_id=2749"},"modified":"2017-10-22T21:11:35","modified_gmt":"2017-10-22T21:11:35","slug":"aeltere-beitraege","status":"publish","type":"page","link":"http:\/\/www.ttv-siegelbach.de\/?page_id=2749","title":{"rendered":"\u00c4ltere Beitr\u00e4ge"},"content":{"rendered":"<p>Hier findet man alle bisher ver\u00f6ffentlichten Beitr\u00e4ge.<\/p>\n<ul class=\"lcp_catlist\" id=\"lcp_instance_0\"><li><a href=\"http:\/\/www.ttv-siegelbach.de\/?p=3022\">mini-Meisterschaften 2023<\/a>  16. Oktober 2022<\/li><li><a href=\"http:\/\/www.ttv-siegelbach.de\/?p=3000\">Spiel- und Trainingsbetrieb wieder aufgenommen<\/a>  21. September 2021<\/li><li><a href=\"http:\/\/www.ttv-siegelbach.de\/?p=2991\">Weiter Warten auf \u00d6ffnungen<\/a>  21. April 2021<\/li><li><a href=\"http:\/\/www.ttv-siegelbach.de\/?p=2979\">Hygienekonzept TTV<\/a>  26. September 2020<\/li><li><a href=\"http:\/\/www.ttv-siegelbach.de\/?p=2947\">Update Corona-Virus<\/a>  6. Juni 2020<\/li><li><a href=\"http:\/\/www.ttv-siegelbach.de\/?p=2939\">Corona-Virus<\/a>  16. M\u00e4rz 2020<\/li><li><a href=\"http:\/\/www.ttv-siegelbach.de\/?p=2854\">mini-Meisterschaften 19\/20<\/a>  12. September 2019<\/li><li><a href=\"http:\/\/www.ttv-siegelbach.de\/?p=2801\">mini-Meisterschaften 2019<\/a>  28. Dezember 2018<\/li><li><a href=\"http:\/\/www.ttv-siegelbach.de\/?p=2571\">Kerweumzug 2017<\/a>  29. September 2017<\/li><li><a href=\"http:\/\/www.ttv-siegelbach.de\/?p=2567\">Absage Pfalz Trophy 19.08<\/a>  19. August 2017<\/li><\/ul><ul class='lcp_paginator'><li class='lcp_currentpage'>1<\/li><li><a href='http:\/\/www.ttv-siegelbach.de\/index.php?rest_route=%2Fwp%2Fv2%2Fpages%2F2749&lcp_page0=2#lcp_instance_0' title='2'>2<\/a><\/li><li><a href='http:\/\/www.ttv-siegelbach.de\/index.php?rest_route=%2Fwp%2Fv2%2Fpages%2F2749&lcp_page0=2#lcp_instance_0' title='2' class='lcp_nextlink'>>><\/a><\/li><\/ul>\n","protected":false},"excerpt":{"rendered":"<p>Hier findet man alle bisher ver\u00f6ffentlichten Beitr\u00e4ge.<\/p>\n","protected":false},"author":4,"featured_media":0,"parent":2201,"menu_order":1,"comment_status":"closed","ping_status":"closed","template":"","meta":{"ngg_post_thumbnail":0,"footnotes":""},"_links":{"self":[{"href":"http:\/\/www.ttv-siegelbach.de\/index.php?rest_route=\/wp\/v2\/pages\/2749"}],"collection":[{"href":"http:\/\/www.ttv-siegelbach.de\/index.php?rest_route=\/wp\/v2\/pages"}],"about":[{"href":"http:\/\/www.ttv-siegelbach.de\/index.php?rest_route=\/wp\/v2\/types\/page"}],"author":[{"embeddable":true,"href":"http:\/\/www.ttv-siegelbach.de\/index.php?rest_route=\/wp\/v2\/users\/4"}],"replies":[{"embeddable":true,"href":"http:\/\/www.ttv-siegelbach.de\/index.php?rest_route=%2Fwp%2Fv2%2Fcomments&post=2749"}],"version-history":[{"count":4,"href":"http:\/\/www.ttv-siegelbach.de\/index.php?rest_route=\/wp\/v2\/pages\/2749\/revisions"}],"predecessor-version":[{"id":2753,"href":"http:\/\/www.ttv-siegelbach.de\/index.php?rest_route=\/wp\/v2\/pages\/2749\/revisions\/2753"}],"up":[{"embeddable":true,"href":"http:\/\/www.ttv-siegelbach.de\/index.php?rest_route=\/wp\/v2\/pages\/2201"}],"wp:attachment":[{"href":"http:\/\/www.ttv-siegelbach.de\/index.php?rest_route=%2Fwp%2Fv2%2Fmedia&parent=2749"}],"curies":[{"name":"wp","href":"https:\/\/api.w.org\/{rel}","templated":true}]}}