{"id":24,"date":"2012-09-23T20:21:30","date_gmt":"2012-09-23T20:21:30","guid":{"rendered":"http:\/\/www.ttv-siegelbach.de\/?page_id=24"},"modified":"2025-01-30T12:24:37","modified_gmt":"2025-01-30T12:24:37","slug":"50-jahre-ttv-siegelbach","status":"publish","type":"page","link":"http:\/\/www.ttv-siegelbach.de\/?page_id=24","title":{"rendered":"50 Jahre TTV Siegelbach"},"content":{"rendered":"<p>Am 10.M\u00e4rz 1955 wurde der TTV Siegelbach gegr\u00fcndet als selbstst\u00e4ndiger Verein von 19 am Tischtennissport interessierten Personen .<br \/>\nErster Vorsitzender des Vereins wurde Edmund Albert, der dieses Amt 17 Jahre mit gro\u00dfem Engagement bis Mai 1972 aus\u00fcbte. Nach den Anfangsschwierigkeiten der Neugr\u00fcndung zeigte sich bald eine stete Aufw\u00e4rtsentwicklung. Immer mehr Einwohner fanden Gefallen an dem neu angebotenen Sport. Seit den Anfangsjahren gab es zus\u00e4tzlich die Gymnastikabteilung f\u00fcr Damen. Brigitte Sch\u00e4ffler war \u00fcber 25 Jahre Leiterin der Abteilung.<br \/>\nNachfolger von Edmund Albert wurde Peter Albert, der 18 Jahre lang ebenfalls mit gro\u00dfem Einsatz dabei war.<br \/>\nVon 1990 bis 2006 hatte Werner Eltschkner das Amt inne, bevor Andreas Hach bis 2016 gefolgt von Marius Hach diese Aufgabe \u00fcbernahm.<br \/>\nAn den langen Zeiten der ersten Vorsitzenden kann man sehen, dass sich jeder unerm\u00fcdlich f\u00fcr die Belange des Tischtennisvereins Siegelbach einsetzte.<\/p>\n<p>Hierzu gro\u00dfen Dank f\u00fcr die Uneigenn\u00fctzigkeit der Vorstandschaft.<br \/>\nHeute, wo Zeit eine gro\u00dfe Rolle spielt, ist das nicht immer selbstverst\u00e4ndlich, da auch die Familien ihre Zeit fordern.<br \/>\nVon 19 Gr\u00fcndungsmitgliedern hat sich die Vereinsmitgliederzahl auf knapp 200 erh\u00f6ht.<br \/>\nHeute ist unser Verein als reiner Tischtennisverein zahlenm\u00e4\u00dfig einer der Gr\u00f6\u00dften in Rheinland-Pfalz. Im Gr\u00fcndungsjahr wurde eine Herrenmannschaft und eine Jugendmannschaft Jungen zum aktiven Sport gemeldet.<br \/>\nIn der neuen Saison treten wir mit&nbsp; einer Damen- und f\u00fcnf Herrenmannschaften an. Nach dem Hallenumbau besteht die M\u00f6glichkeit, an sieben Tischen zu trainieren.<br \/>\nDie sch\u00f6nsten Erfolge in unserer Vereinsgeschichte war die gewonnene<br \/>\nJungen- Pfalzjugendmeisterschaft im Jahre 1962\/63,1966-1968 eine Doppelte Pfalzmeisterin in den Einzelmeisterschaften und der 3. Platz der M\u00e4dchen-Pfalzjugendmeisterschaft 1985.<br \/>\nDie 1.Herrenmannschaft gewann 2003 den Bezirkspokal und spielte weiter um den Pfalzpokal, bei dem sie den zweiten Platz erreichten. Die besten Herren spielten in den Anfangsjahren Landesliga\/ Westpfalz und viele Jahre in der 2.Pfalzliga\/West.<br \/>\nUnsere Damen spielten in den letzten 10 Jahren in der 2.Pfalzliga\/West, bevor sie in die M\u00e4nnermannschaften integriert wurden.<br \/>\nDurch gesellige Vereinausfl\u00fcge, Wandertage, Kegelabende, Vereinsmeisterschaften und Jahresabschluss-Feiern wird die Verbundenheit der Mitglieder und Vereinsfreunde immer wieder gef\u00f6rdert.<br \/>\nEbenso gro\u00dfen Dank an alle Mitglieder, die Ihrem TTV die Treue halten.<br \/>\nOhne Ihre Beitr\u00e4ge und Mitarbeit w\u00e4ren wir heute nicht in der Lage, von einem &#8222;gesunden&#8220; TTV Siegelbach zu berichten.<br \/>\nDer am 10. M\u00e4rz 1955 in Siegelbach gegr\u00fcndete Tischtennisverein Siegelbach e.V. ist Mitglied des &#8222;Pf\u00e4lzischen Tischtennisverbandes&#8220; und ist im Vereinsregister beim Amtsgericht Kaiserslautern eingetragen.<br \/>\nDie nach der Satzung pr\u00e4genden Grunds\u00e4tze, die Pflege und F\u00f6rderung des Tischtennissports, werden seit Bestehen durch die Vereinsleitung befolgt und gepflegt.<\/p>\n","protected":false},"excerpt":{"rendered":"<p>Am 10.M\u00e4rz 1955 wurde der TTV Siegelbach gegr\u00fcndet als selbstst\u00e4ndiger Verein von 19 am Tischtennissport interessierten Personen . Erster Vorsitzender des Vereins wurde Edmund Albert, der dieses Amt 17 Jahre mit gro\u00dfem Engagement bis Mai 1972 aus\u00fcbte. Nach den Anfangsschwierigkeiten &hellip; <a href=\"http:\/\/www.ttv-siegelbach.de\/?page_id=24\">Weiterlesen <span class=\"meta-nav\">&rarr;<\/span><\/a><\/p>\n","protected":false},"author":1,"featured_media":0,"parent":16,"menu_order":2,"comment_status":"closed","ping_status":"closed","template":"","meta":{"ngg_post_thumbnail":0,"footnotes":""},"_links":{"self":[{"href":"http:\/\/www.ttv-siegelbach.de\/index.php?rest_route=\/wp\/v2\/pages\/24"}],"collection":[{"href":"http:\/\/www.ttv-siegelbach.de\/index.php?rest_route=\/wp\/v2\/pages"}],"about":[{"href":"http:\/\/www.ttv-siegelbach.de\/index.php?rest_route=\/wp\/v2\/types\/page"}],"author":[{"embeddable":true,"href":"http:\/\/www.ttv-siegelbach.de\/index.php?rest_route=\/wp\/v2\/users\/1"}],"replies":[{"embeddable":true,"href":"http:\/\/www.ttv-siegelbach.de\/index.php?rest_route=%2Fwp%2Fv2%2Fcomments&post=24"}],"version-history":[{"count":7,"href":"http:\/\/www.ttv-siegelbach.de\/index.php?rest_route=\/wp\/v2\/pages\/24\/revisions"}],"predecessor-version":[{"id":3078,"href":"http:\/\/www.ttv-siegelbach.de\/index.php?rest_route=\/wp\/v2\/pages\/24\/revisions\/3078"}],"up":[{"embeddable":true,"href":"http:\/\/www.ttv-siegelbach.de\/index.php?rest_route=\/wp\/v2\/pages\/16"}],"wp:attachment":[{"href":"http:\/\/www.ttv-siegelbach.de\/index.php?rest_route=%2Fwp%2Fv2%2Fmedia&parent=24"}],"curies":[{"name":"wp","href":"https:\/\/api.w.org\/{rel}","templated":true}]}}