{"id":179,"date":"2012-09-24T18:28:50","date_gmt":"2012-09-24T18:28:50","guid":{"rendered":"http:\/\/www.ttv-siegelbach.de\/?page_id=179"},"modified":"2025-01-30T12:13:30","modified_gmt":"2025-01-30T12:13:30","slug":"vereinfuhrung","status":"publish","type":"page","link":"http:\/\/www.ttv-siegelbach.de\/?page_id=179","title":{"rendered":"Vereinsf\u00fchrung"},"content":{"rendered":"<p>1. Vorsitzender: <a href=\"http:\/\/www.ttv-siegelbach.de\/?page_id=181\">Marius Hach<\/a><\/p>\n<p>2. Vorsitzender: <a href=\"http:\/\/www.ttv-siegelbach.de\/?page_id=183\">Karl-Heinz Burger<\/a><\/p>\n<p>Kassenwart: <a href=\"http:\/\/www.ttv-siegelbach.de\/?page_id=185\">Klaus Bl\u00e4si<\/a><\/p>\n<p>Kassenpr\u00fcfer: <a href=\"http:\/\/www.ttv-siegelbach.de\/?page_id=187\">Alfred Eltschkner und Karl Wolff<\/a><\/p>\n<p><a href=\"http:\/\/www.ttv-siegelbach.de\/?page_id=190\">Ausschussmitglieder<\/a><\/p>\n<p>Spielleiter: Werner Eltschkner<\/p>\n<p>Jugendleiter: Ralf H\u00f6hn<\/p>\n<p>Schriftf\u00fchrerin: Vanessa Wolff<\/p>\n","protected":false},"excerpt":{"rendered":"<p>1. Vorsitzender: Marius Hach 2. Vorsitzender: Karl-Heinz Burger Kassenwart: Klaus Bl\u00e4si Kassenpr\u00fcfer: Alfred Eltschkner und Karl Wolff Ausschussmitglieder Spielleiter: Werner Eltschkner Jugendleiter: Ralf H\u00f6hn Schriftf\u00fchrerin: Vanessa Wolff<\/p>\n","protected":false},"author":1,"featured_media":0,"parent":16,"menu_order":5,"comment_status":"closed","ping_status":"closed","template":"","meta":{"ngg_post_thumbnail":0,"footnotes":""},"_links":{"self":[{"href":"http:\/\/www.ttv-siegelbach.de\/index.php?rest_route=\/wp\/v2\/pages\/179"}],"collection":[{"href":"http:\/\/www.ttv-siegelbach.de\/index.php?rest_route=\/wp\/v2\/pages"}],"about":[{"href":"http:\/\/www.ttv-siegelbach.de\/index.php?rest_route=\/wp\/v2\/types\/page"}],"author":[{"embeddable":true,"href":"http:\/\/www.ttv-siegelbach.de\/index.php?rest_route=\/wp\/v2\/users\/1"}],"replies":[{"embeddable":true,"href":"http:\/\/www.ttv-siegelbach.de\/index.php?rest_route=%2Fwp%2Fv2%2Fcomments&post=179"}],"version-history":[{"count":5,"href":"http:\/\/www.ttv-siegelbach.de\/index.php?rest_route=\/wp\/v2\/pages\/179\/revisions"}],"predecessor-version":[{"id":3072,"href":"http:\/\/www.ttv-siegelbach.de\/index.php?rest_route=\/wp\/v2\/pages\/179\/revisions\/3072"}],"up":[{"embeddable":true,"href":"http:\/\/www.ttv-siegelbach.de\/index.php?rest_route=\/wp\/v2\/pages\/16"}],"wp:attachment":[{"href":"http:\/\/www.ttv-siegelbach.de\/index.php?rest_route=%2Fwp%2Fv2%2Fmedia&parent=179"}],"curies":[{"name":"wp","href":"https:\/\/api.w.org\/{rel}","templated":true}]}}