{"id":16,"date":"2012-09-23T20:13:12","date_gmt":"2012-09-23T20:13:12","guid":{"rendered":"http:\/\/www.ttv-siegelbach.de\/?page_id=16"},"modified":"2023-06-07T19:18:05","modified_gmt":"2023-06-07T19:18:05","slug":"unser-verein","status":"publish","type":"page","link":"http:\/\/www.ttv-siegelbach.de\/?page_id=16","title":{"rendered":"Unser Verein"},"content":{"rendered":"<p>Am 10. M\u00e4rz 1955 wurde in Siegelbach im damaligen G\u00e4stehaus Raab der Tischtennisverein Siegelbach e.V. gegr\u00fcndet.<br \/>\nSeit 2016 ist Marius Hach erster Vorsitzender des Vereins.<br \/>\nDer Sieg der Jugend-Pfalzmeisterschaft 1962 war sicher lange der gr\u00f6\u00dfte sportliche Erfolg der Vereinsgeschichte.<br \/>\nDie Highlights der letzten Jahre gab es jedoch in der Saison 2022\/23 als jeweils die erste Herrenmannschaft in die 2.Pfalzliga, in der sie bereits von 2003\/ 2004 bis 2014\/ 2015 spielte, und zudem zweite Herrenmannschaft aufstieg. Doch die erfolgreichste Saison der Vereinsgeschichte wurde vor allem durch die Pokalerfolge dieser beiden Mannschaften gepr\u00e4gt. Die zweite Mannschaft gewann den Wettbewerb des Kreisligapokals und die erste Mannschaft zun\u00e4chst den Bezirkspokal und dann sogar den verbandsweiten Pfalzpokal der Bezirksligen. Somit qualifizierte sich die erste Mannschaft f\u00fcr den Deutschen Pokal der Verbandsklassen. Dort siegten sie gegen THW Kiel und die Mecklenburger Stiere Schwerin und spielten insgesamt eine ausgeglichen Gruppenphase, wodurch sie leider knapp den Einzug in das Viertelfinale der Deutschen Meisterschaften verpassten. Marcello M\u00fchlemann wird in die Geschichtsb\u00fccher der Vereinsgeschichte eingehen, der als einziger Spieler des TTV Siegelbachs eine makellose Bilanz von 6:0 Spielen bei Deutschen Meisterschaften vorweisen kann.<\/p>\n","protected":false},"excerpt":{"rendered":"<p>Am 10. M\u00e4rz 1955 wurde in Siegelbach im damaligen G\u00e4stehaus Raab der Tischtennisverein Siegelbach e.V. gegr\u00fcndet. Seit 2016 ist Marius Hach erster Vorsitzender des Vereins. Der Sieg der Jugend-Pfalzmeisterschaft 1962 war sicher lange der gr\u00f6\u00dfte sportliche Erfolg der Vereinsgeschichte. Die &hellip; <a href=\"http:\/\/www.ttv-siegelbach.de\/?page_id=16\">Weiterlesen <span class=\"meta-nav\">&rarr;<\/span><\/a><\/p>\n","protected":false},"author":1,"featured_media":10,"parent":0,"menu_order":1,"comment_status":"closed","ping_status":"closed","template":"","meta":{"ngg_post_thumbnail":0,"footnotes":""},"_links":{"self":[{"href":"http:\/\/www.ttv-siegelbach.de\/index.php?rest_route=\/wp\/v2\/pages\/16"}],"collection":[{"href":"http:\/\/www.ttv-siegelbach.de\/index.php?rest_route=\/wp\/v2\/pages"}],"about":[{"href":"http:\/\/www.ttv-siegelbach.de\/index.php?rest_route=\/wp\/v2\/types\/page"}],"author":[{"embeddable":true,"href":"http:\/\/www.ttv-siegelbach.de\/index.php?rest_route=\/wp\/v2\/users\/1"}],"replies":[{"embeddable":true,"href":"http:\/\/www.ttv-siegelbach.de\/index.php?rest_route=%2Fwp%2Fv2%2Fcomments&post=16"}],"version-history":[{"count":12,"href":"http:\/\/www.ttv-siegelbach.de\/index.php?rest_route=\/wp\/v2\/pages\/16\/revisions"}],"predecessor-version":[{"id":3036,"href":"http:\/\/www.ttv-siegelbach.de\/index.php?rest_route=\/wp\/v2\/pages\/16\/revisions\/3036"}],"wp:featuredmedia":[{"embeddable":true,"href":"http:\/\/www.ttv-siegelbach.de\/index.php?rest_route=\/wp\/v2\/media\/10"}],"wp:attachment":[{"href":"http:\/\/www.ttv-siegelbach.de\/index.php?rest_route=%2Fwp%2Fv2%2Fmedia&parent=16"}],"curies":[{"name":"wp","href":"https:\/\/api.w.org\/{rel}","templated":true}]}}